{"id":1688,"date":"2023-05-26T06:54:05","date_gmt":"2023-05-26T04:54:05","guid":{"rendered":"https:\/\/gigs.misterfunkysax.de\/cookie-richtlinie\/"},"modified":"2023-12-25T09:15:52","modified_gmt":"2023-12-25T08:15:52","slug":"cookie-richtlinie","status":"publish","type":"page","link":"https:\/\/misterfunkysax.de\/de\/cookie-richtlinie\/","title":{"rendered":"Cookie-Richtlinie"},"content":{"rendered":"\t\t<div data-elementor-type=\"wp-page\" data-elementor-id=\"1688\" class=\"elementor elementor-1688 elementor-1023\" data-elementor-post-type=\"page\">\n\t\t\t\t\t\t<section class=\"elementor-section elementor-top-section elementor-element elementor-element-9e087d9 elementor-section-full_width elementor-section-height-default elementor-section-height-default exad-glass-effect-no exad-sticky-section-no\" data-id=\"9e087d9\" data-element_type=\"section\">\n\t\t\t\t\t\t<div class=\"elementor-container elementor-column-gap-no\">\n\t\t\t\t\t<div class=\"elementor-column elementor-col-50 elementor-top-column elementor-element elementor-element-c4c2ec0 exad-glass-effect-no exad-sticky-section-no\" data-id=\"c4c2ec0\" data-element_type=\"column\" data-settings=\"{&quot;background_background&quot;:&quot;classic&quot;}\">\n\t\t\t<div class=\"elementor-widget-wrap elementor-element-populated\">\n\t\t\t\t\t\t<div class=\"elementor-element elementor-element-b3f810b elementor-widget-tablet__width-initial exad-sticky-section-no exad-glass-effect-no elementor-widget elementor-widget-heading\" data-id=\"b3f810b\" data-element_type=\"widget\" data-widget_type=\"heading.default\">\n\t\t\t\t<div class=\"elementor-widget-container\">\n\t\t\t\t\t<h2 class=\"elementor-heading-title elementor-size-default\">Keks\n<span style=\"color: #9D1F60\">Politik<\/span><\/h2>\t\t\t\t<\/div>\n\t\t\t\t<\/div>\n\t\t\t\t\t<\/div>\n\t\t<\/div>\n\t\t\t\t<div class=\"elementor-column elementor-col-50 elementor-top-column elementor-element elementor-element-d5420c2 exad-glass-effect-no exad-sticky-section-no\" data-id=\"d5420c2\" data-element_type=\"column\">\n\t\t\t<div class=\"elementor-widget-wrap elementor-element-populated\">\n\t\t\t\t\t\t<div class=\"elementor-element elementor-element-f4abf8b exad-sticky-section-no exad-glass-effect-no elementor-widget elementor-widget-image\" data-id=\"f4abf8b\" data-element_type=\"widget\" data-widget_type=\"image.default\">\n\t\t\t\t<div class=\"elementor-widget-container\">\n\t\t\t\t\t\t\t\t\t\t\t\t\t\t\t<img fetchpriority=\"high\" decoding=\"async\" width=\"720\" height=\"500\" src=\"https:\/\/misterfunkysax.de\/wp-content\/uploads\/2023\/05\/Rectangle-2161-min.png\" class=\"attachment-large size-large wp-image-1510\" alt=\"\" srcset=\"https:\/\/misterfunkysax.de\/wp-content\/uploads\/2023\/05\/Rectangle-2161-min.png 720w, https:\/\/misterfunkysax.de\/wp-content\/uploads\/2023\/05\/Rectangle-2161-min-600x417.png 600w, https:\/\/misterfunkysax.de\/wp-content\/uploads\/2023\/05\/Rectangle-2161-min-300x208.png 300w\" sizes=\"(max-width: 720px) 100vw, 720px\" \/>\t\t\t\t\t\t\t\t\t\t\t\t\t\t\t<\/div>\n\t\t\t\t<\/div>\n\t\t\t\t\t<\/div>\n\t\t<\/div>\n\t\t\t\t\t<\/div>\n\t\t<\/section>\n\t\t\t\t<section class=\"elementor-section elementor-top-section elementor-element elementor-element-e2a6ed6 elementor-section-full_width elementor-section-height-default elementor-section-height-default exad-glass-effect-no exad-sticky-section-no\" data-id=\"e2a6ed6\" data-element_type=\"section\">\n\t\t\t\t\t\t<div class=\"elementor-container elementor-column-gap-default\">\n\t\t\t\t\t<div class=\"elementor-column elementor-col-100 elementor-top-column elementor-element elementor-element-5009e91 exad-glass-effect-no exad-sticky-section-no\" data-id=\"5009e91\" data-element_type=\"column\">\n\t\t\t<div class=\"elementor-widget-wrap elementor-element-populated\">\n\t\t\t\t\t\t<div class=\"elementor-element elementor-element-7b41cc4 exad-sticky-section-no exad-glass-effect-no elementor-widget elementor-widget-text-editor\" data-id=\"7b41cc4\" data-element_type=\"widget\" data-widget_type=\"text-editor.default\">\n\t\t\t\t<div class=\"elementor-widget-container\">\n\t\t\t\t\t\t\t\t\t<h4 align=\"center\"><strong>COOKIE-POLITIK<\/strong><\/h4>\n<p style=\"text-align: justify;\">Diese Cookie-Richtlinie erl\u00e4utert, wie <strong>Mr. Funkysax<\/strong> (<strong>&#8222;Unternehmen<\/strong>&#8222;,<strong>&#8222;wir<\/strong>&#8222;,<strong>&#8222;uns<\/strong>&#8220; und<strong>&#8222;unser<\/strong>&#8222;) Cookies und \u00e4hnliche Technologien verwendet, um Sie zu erkennen, wenn Sie unsere Website http:\/\/gigs.misterfunkysax.de\/ (&#8222;Website&#8220;) besuchen. Darin wird erkl\u00e4rt, was diese Technologien sind und warum wir sie verwenden, sowie Ihre Rechte, unsere Verwendung dieser Technologien zu kontrollieren.<\/p>\n<p style=\"text-align: justify;\">In einigen F\u00e4llen k\u00f6nnen wir Cookies verwenden, um pers\u00f6nliche Daten zu sammeln, oder die zu pers\u00f6nlichen Daten werden, wenn wir sie mit anderen Informationen kombinieren.<\/p>\n<p style=\"text-align: justify;\"><strong>Inhaber der Datenverarbeitung: <\/strong>Herr Funkysax.<\/p>\n<p style=\"text-align: justify;\"><strong>Kontaktinformationen: <\/strong>saxophonist@freenet.de; +49 (170) 734-07-92<\/p>\n\n<h6 align=\"center\"><span style=\"text-decoration: underline;\"><strong>1. WAS SIND COOKIES?<\/strong><\/span><\/h6>\n<p style=\"text-align: justify;\">Cookies sind kleine Datendateien, die auf Ihrem Computer oder Mobilger\u00e4t gespeichert werden, wenn Sie eine Website besuchen. Cookies werden von Website-Betreibern h\u00e4ufig verwendet, um ihre Websites funktionsf\u00e4hig zu machen oder effizienter zu gestalten und um Informationen f\u00fcr die Berichterstattung bereitzustellen. Wenn wir in diesem Abschnitt von Cookies sprechen, schlie\u00dft dieser Begriff Technologien ein, die wir verwenden und die einem \u00e4hnlichen Zweck dienen, z. B. Web-Beacons, Tags und Z\u00e4hlpixel.<\/p>\n<p style=\"text-align: justify;\">Cookies, die vom Eigent\u00fcmer der Website (in diesem Fall von <strong>Herrn Funkysax<\/strong>) gesetzt werden, werden als &#8222;First Party Cookies&#8220; bezeichnet. Cookies, die von anderen Parteien als dem Eigent\u00fcmer der Website gesetzt werden, werden als &#8222;Cookies von Dritten&#8220; bezeichnet. Cookies von Drittanbietern erm\u00f6glichen die Bereitstellung von Merkmalen oder Funktionen von Drittanbietern auf oder \u00fcber die Website (z. B. Werbung, interaktive Inhalte und Analysen). Unsere Dienste verwenden einige Cookies, die nicht von uns kontrolliert werden. Sie sollten die Datenschutz- und Cookie-Richtlinien dieser Parteien lesen, um herauszufinden, wie sie Cookies verwenden und welche Informationen sie durch Cookies sammeln.<\/p>\n<p style=\"text-align: justify;\">Die Parteien, die diese Drittanbieter-Cookies setzen, k\u00f6nnen Ihren Computer sowohl beim Besuch der betreffenden Website als auch beim Besuch bestimmter anderer Websites erkennen.  <strong>Mr. Funkysax<\/strong> ist nicht daf\u00fcr verantwortlich, wie Dritte Cookies verwenden, und der Benutzer muss die Datenschutzrichtlinien dieser Dritten besuchen, um spezifische Informationen \u00fcber die Verwendung von Cookies zu erhalten.<\/p>\n<p style=\"text-align: justify;\">Es gibt die folgenden Arten von Cookies:<\/p>\n<p style=\"text-align: justify;\"><strong>Unverzichtbare Cookies<\/strong> &#8211; Diese Cookies sind f\u00fcr die Ausf\u00fchrung grundlegender Funktionen unserer Websites und Dienste unerl\u00e4sslich und f\u00fcr den Betrieb bestimmter Funktionen erforderlich. Dazu geh\u00f6ren diejenigen, die erforderlich sind, damit registrierte Benutzer sich authentifizieren und kontobezogene Funktionen ausf\u00fchren k\u00f6nnen, sowie die von den Benutzern eingestellten Pr\u00e4ferenzen wie Kontoname, Sprache und Standort und die Gew\u00e4hrleistung des ordnungsgem\u00e4\u00dfen Betriebs unserer Dienste. Ohne diese Cookies k\u00f6nnen die von Ihnen angeforderten Dienste nicht erbracht werden.<\/p>\n<p style=\"text-align: justify;\"><strong>Analyse- und Leistungs-Cookies<\/strong> &#8211; Zur Analyse der Nutzung, Leistung und Gestaltung unserer Dienste,\nFehler zu erkennen und die Benutzerfreundlichkeit zu verbessern. Mit Hilfe dieser Art von Cookies k\u00f6nnen wir beispielsweise nachvollziehen, wie oft Sie unsere Dienste nutzen, erkennen, dass Sie unsere Websites schon einmal besucht haben, und feststellen, welche Teile unserer Dienste und welche Abschnitte unserer Website am beliebtesten sind, indem wir z. B. sehen k\u00f6nnen, welche Seiten die Besucher am h\u00e4ufigsten aufrufen und wie viel Zeit sie auf den einzelnen Seiten verbringen. Wir verwenden diese Angaben, um die Funktionsweise unserer Website zu verbessern und um zu verstehen, wie die Nutzer mit ihr interagieren.<\/p>\n<p style=\"text-align: justify;\"><strong>Funktionale Cookies<\/strong> &#8211; Zur Verbesserung der Benutzerfreundlichkeit und zur Erstellung von Nutzungsmustern und -profilen von Kunden. Mit dieser Art von Cookie wird beispielsweise sichergestellt, dass die Informationen, die bei der Nutzung unserer Dienste angezeigt werden (z. B. bei Ihrem n\u00e4chsten Besuch auf unserer Website), Ihren Benutzereinstellungen entsprechen (z. B. Spracheinstellungen, Schriftgr\u00f6\u00dfe oder automatische Ausf\u00fclloptionen).<\/p>\n<p style=\"text-align: justify;\"><strong>Werbe-Cookies<\/strong> &#8211; Diese Cookies werden von uns und unseren Werbepartnern gesetzt, um Ihnen relevante Inhalte zu liefern und die Effektivit\u00e4t dieser Inhalte zu verstehen. Sie k\u00f6nnen verwendet werden, um Informationen \u00fcber Ihre Online-Aktivit\u00e4ten im Laufe der Zeit und \u00fcber verschiedene Websites hinweg zu sammeln, um Ihre Pr\u00e4ferenzen vorherzusagen und Ihnen relevantere Werbung anzuzeigen. Diese Cookies erm\u00f6glichen es auch, ein Profil \u00fcber Sie und Ihre Interessen zu erstellen und Ihnen auf der Grundlage Ihres Profils personalisierte Werbung zu zeigen.<\/p>\n\n<h6 align=\"center\"><span style=\"text-decoration: underline;\"><strong>2. WARUM VERWENDEN WIR COOKIES?<\/strong><\/span><\/h6>\n<p style=\"text-align: justify;\">Wir verwenden Cookies von Erst- und Drittanbietern aus verschiedenen Gr\u00fcnden. Die Cookies auf dieser Website sind aus technischen Gr\u00fcnden erforderlich, damit unsere Website funktioniert, und wir bezeichnen diese als &#8222;wesentliche&#8220; oder &#8222;unbedingt erforderliche&#8220; Cookies.<\/p>\n<p style=\"text-align: justify;\">Wir verwenden standardm\u00e4\u00dfig essenzielle Cookies, aber wir verlassen uns auf Ihre Zustimmung zur Verwendung von Cookies, die nicht essenziell sind. Beachten Sie, dass Sie unsere Dienste nicht nutzen k\u00f6nnen, wenn Sie essenzielle Cookies deaktivieren. Wenn Sie funktionale oder leistungsbezogene Cookies deaktivieren, kann Ihr Benutzererlebnis gest\u00f6rt werden, aber Sie k\u00f6nnen unsere Dienste trotzdem nutzen.<\/p>\n\n<h6 align=\"center\"><span style=\"text-decoration: underline;\"><strong>3. WELCHE ART VON COOKIES VERWENDEN WIR?<\/strong><\/span><\/h6>\n<p style=\"text-align: justify;\">Die spezifischen Arten von Cookies von Erstanbietern und Drittanbietern, die auf unserer Website verwendet werden, und die Zwecke, die sie erf\u00fcllen, sind in der nachstehenden Tabelle beschrieben (bitte beachten Sie, dass die spezifischen Cookies, die verwendet werden, je nach den spezifischen Website-Eigenschaften, die Sie besuchen, variieren k\u00f6nnen):<\/p>\n&nbsp;\n<table>\n<thead>\n<tr>\n<th><b>Name<\/b><\/th>\n<th><b>Funktion<\/b><\/th>\n<th><b>Dauer<\/b><\/th>\n<\/tr>\n<\/thead>\n<tbody>\n<tr>\n<td>elementor<\/td>\n<td>Das WordPress-Theme der Website verwendet dieses Cookie. Sie erm\u00f6glicht es dem Eigent\u00fcmer der Website, den Inhalt der Website in Echtzeit zu implementieren oder zu \u00e4ndern.<\/td>\n<td>niemals<\/td>\n<\/tr>\n<\/tbody>\n<\/table>\n&nbsp;\n<h6 align=\"center\"><span style=\"text-decoration: underline;\"><strong>4. WIE KANN ICH COOKIES KONTROLLIEREN?<\/strong><\/span><\/h6>\n<p style=\"text-align: justify;\">Sie haben das Recht zu entscheiden, ob Sie Cookies akzeptieren oder ablehnen. Notwendige Cookies k\u00f6nnen nicht abgelehnt werden, da sie unbedingt erforderlich sind, um Ihnen Dienste zur Verf\u00fcgung zu stellen.<\/p>\n<p style=\"text-align: justify;\">Sie k\u00f6nnen Ihren Webbrowser so einstellen oder \u00e4ndern, dass er Cookies akzeptiert oder ablehnt, oder unser Cookie-Tool auf der Website verwenden, um unerw\u00fcnschte Cookies zu entfernen. Da die Mittel, mit denen Sie Cookies \u00fcber die Steuerelemente Ihres Webbrowsers ablehnen k\u00f6nnen, von Browser zu Browser unterschiedlich sind, sollten Sie das Hilfemen\u00fc Ihres Browsers f\u00fcr weitere Informationen besuchen.<\/p>\n<p style=\"text-align: justify;\">Wenn Sie weitere Informationen w\u00fcnschen, besuchen Sie bitte <a href=\"http:\/\/www.aboutads.info\/choices\/\">http:\/\/www.aboutads.info\/choices\/<\/a> oder <a href=\"http:\/\/www.youronlinechoices.com\/\">http:\/\/www.youronlinechoices.com.<\/a><\/p>\n\n<h6 align=\"center\"><span style=\"text-decoration: underline;\"><strong>5. WAS IST MIT ANDEREN TRACKING-TECHNOLOGIEN WIE WEB-BEACONS?<\/strong><\/span><\/h6>\n<p style=\"text-align: justify;\">Cookies sind nicht die einzige M\u00f6glichkeit, Besucher einer Website zu erkennen oder zu verfolgen. Wir k\u00f6nnen von Zeit zu Zeit andere, \u00e4hnliche Technologien verwenden, wie z. B. Web-Beacons (manchmal auch &#8222;Z\u00e4hlpixel&#8220; oder &#8222;Clear Gifs&#8220; genannt). Dies sind winzige Grafikdateien, die eine eindeutige Kennung enthalten, anhand derer wir erkennen k\u00f6nnen, ob jemand unsere Website besucht oder eine E-Mail ge\u00f6ffnet hat, die sie enth\u00e4lt. Auf diese Weise k\u00f6nnen wir z. B. die Verkehrsmuster der Nutzer von einer Seite innerhalb einer Website zu einer anderen \u00fcberwachen, Cookies zustellen oder mit ihnen kommunizieren, nachvollziehen, ob Sie \u00fcber eine Online-Werbung auf der Website eines Dritten auf die Website gelangt sind, die Leistung der Website verbessern und den Erfolg von E-Mail-Marketingkampagnen messen. In vielen F\u00e4llen sind diese Technologien auf Cookies angewiesen, um ordnungsgem\u00e4\u00df zu funktionieren, so dass die Ablehnung von Cookies deren Funktion beeintr\u00e4chtigt.<\/p>\n\n<h6 align=\"center\"><span style=\"text-decoration: underline;\"><strong>6. WIE OFT WIRD DIESE COOKIE-RICHTLINIE AKTUALISIERT?<\/strong><\/span><\/h6>\n<p style=\"text-align: justify;\">Wir k\u00f6nnen diese Cookie-Richtlinie von Zeit zu Zeit aktualisieren, um z. B. \u00c4nderungen an den von uns verwendeten Cookies zu ber\u00fccksichtigen oder aus anderen betrieblichen, rechtlichen oder regulatorischen Gr\u00fcnden. Bitte besuchen Sie diese Cookie-Richtlinie daher regelm\u00e4\u00dfig, um sich \u00fcber unsere Verwendung von Cookies und verwandten Technologien zu informieren. Das Datum am Ende dieser Cookie-Richtlinie zeigt an, wann sie zuletzt aktualisiert wurde.<\/p>\n\n<h6 align=\"center\"><span style=\"text-decoration: underline;\"><strong>7. WO KANN ICH WEITERE INFORMATIONEN ERHALTEN?<\/strong><\/span><\/h6>\n<p style=\"text-align: justify;\">Wenn Sie Fragen zu unserer Verwendung von Cookies oder anderen Technologien haben, senden Sie uns bitte eine E-Mail an saxophonist@freenet.de.<\/p>\n<p style=\"text-align: justify;\">Zuletzt aktualisiert am 30. Mai 2023<\/p>\t\t\t\t\t\t\t\t<\/div>\n\t\t\t\t<\/div>\n\t\t\t\t\t<\/div>\n\t\t<\/div>\n\t\t\t\t\t<\/div>\n\t\t<\/section>\n\t\t\t\t<section class=\"elementor-section elementor-top-section elementor-element elementor-element-6f942a9b elementor-section-full_width elementor-section-height-default elementor-section-height-default exad-glass-effect-no exad-sticky-section-no\" data-id=\"6f942a9b\" data-element_type=\"section\">\n\t\t\t\t\t\t<div class=\"elementor-container elementor-column-gap-default\">\n\t\t\t\t\t<div class=\"elementor-column elementor-col-100 elementor-top-column elementor-element elementor-element-657ae8d9 exad-glass-effect-no exad-sticky-section-no\" data-id=\"657ae8d9\" data-element_type=\"column\">\n\t\t\t<div class=\"elementor-widget-wrap elementor-element-populated\">\n\t\t\t\t\t\t<div class=\"elementor-element elementor-element-4a55bab1 exad-sticky-section-no exad-glass-effect-no elementor-widget elementor-widget-text-editor\" data-id=\"4a55bab1\" data-element_type=\"widget\" data-widget_type=\"text-editor.default\">\n\t\t\t\t<div class=\"elementor-widget-container\">\n\t\t\t\t\t\t\t\t\t<p>KONTAKTINFORMATIONEN<\/p>\n<p><span class=\"selectable-text copyable-text\">Wenn Sie Fragen oder Bedenken haben, wenden Sie sich bitte an saxophonist@freenet.de<\/span><\/p>\t\t\t\t\t\t\t\t<\/div>\n\t\t\t\t<\/div>\n\t\t\t\t\t<\/div>\n\t\t<\/div>\n\t\t\t\t\t<\/div>\n\t\t<\/section>\n\t\t\t\t<\/div>\n\t\t","protected":false},"excerpt":{"rendered":"<p>Keks Politik COOKIE-POLITIK Diese Cookie-Richtlinie erl\u00e4utert, wie Mr. Funkysax (&#8222;Unternehmen&#8222;,&#8222;wir&#8222;,&#8222;uns&#8220; und&#8222;unser&#8222;) Cookies und \u00e4hnliche Technologien verwendet, um Sie zu erkennen, wenn Sie unsere Website http:\/\/gigs.misterfunkysax.de\/ (&#8222;Website&#8220;) besuchen. Darin wird erkl\u00e4rt, was diese Technologien sind und warum wir sie verwenden, sowie Ihre Rechte, unsere Verwendung dieser Technologien zu kontrollieren. In einigen F\u00e4llen k\u00f6nnen wir Cookies verwenden, [&hellip;]<\/p>\n","protected":false},"author":1,"featured_media":0,"parent":0,"menu_order":0,"comment_status":"closed","ping_status":"closed","template":"elementor_header_footer","meta":{"footnotes":""},"class_list":["post-1688","page","type-page","status-publish","hentry"],"_links":{"self":[{"href":"https:\/\/misterfunkysax.de\/de\/wp-json\/wp\/v2\/pages\/1688","targetHints":{"allow":["GET"]}}],"collection":[{"href":"https:\/\/misterfunkysax.de\/de\/wp-json\/wp\/v2\/pages"}],"about":[{"href":"https:\/\/misterfunkysax.de\/de\/wp-json\/wp\/v2\/types\/page"}],"author":[{"embeddable":true,"href":"https:\/\/misterfunkysax.de\/de\/wp-json\/wp\/v2\/users\/1"}],"replies":[{"embeddable":true,"href":"https:\/\/misterfunkysax.de\/de\/wp-json\/wp\/v2\/comments?post=1688"}],"version-history":[{"count":0,"href":"https:\/\/misterfunkysax.de\/de\/wp-json\/wp\/v2\/pages\/1688\/revisions"}],"wp:attachment":[{"href":"https:\/\/misterfunkysax.de\/de\/wp-json\/wp\/v2\/media?parent=1688"}],"curies":[{"name":"wp","href":"https:\/\/api.w.org\/{rel}","templated":true}]}}